{"id":1890,"date":"2026-02-02T07:00:00","date_gmt":"2026-02-02T05:00:00","guid":{"rendered":"http:\/\/vs-werdau.de\/wp\/?page_id=1890"},"modified":"2026-02-02T10:46:26","modified_gmt":"2026-02-02T08:46:26","slug":"aktuelles","status":"publish","type":"page","link":"https:\/\/vs-werdau.de\/wp\/","title":{"rendered":"Aktuelles"},"content":{"rendered":"<hr \/>\n<p style=\"text-align: left;\"><strong>Herzlich Willkommen bei der Volkssolidarit\u00e4t Zwickauer Land!<\/strong><\/p>\n<hr \/>\n<p>Aktuelle Stellenangebote aus der Pflege, den Kindereinrichtungen, den Beratungsstellen sowie dem Bundesfreiwilligendienst finden Sie unter <a href=\"http:\/\/vs-werdau.de\/wp\/stellenanzeigen\" target=\"_blank\" rel=\"noopener noreferrer\">Stellenangebote<\/a>.<\/p>\n<p><a href=\"https:\/\/vs-werdau.de\/wp\/stellenanzeigen\" target=\"_blank\" rel=\"noopener noreferrer\"><img loading=\"lazy\" decoding=\"async\" class=\"aligncenter wp-image-1807 size-large\" src=\"http:\/\/vs-werdau.de\/wp\/wp-content\/uploads\/2019\/05\/Stellenausschreibung_ew5-1024x393.jpg\" alt=\"\" width=\"584\" height=\"224\" srcset=\"https:\/\/vs-werdau.de\/wp\/wp-content\/uploads\/2019\/05\/Stellenausschreibung_ew5-1024x393.jpg 1024w, https:\/\/vs-werdau.de\/wp\/wp-content\/uploads\/2019\/05\/Stellenausschreibung_ew5-300x115.jpg 300w, https:\/\/vs-werdau.de\/wp\/wp-content\/uploads\/2019\/05\/Stellenausschreibung_ew5-768x295.jpg 768w, https:\/\/vs-werdau.de\/wp\/wp-content\/uploads\/2019\/05\/Stellenausschreibung_ew5-500x192.jpg 500w, https:\/\/vs-werdau.de\/wp\/wp-content\/uploads\/2019\/05\/Stellenausschreibung_ew5.jpg 1083w\" sizes=\"auto, (max-width: 584px) 100vw, 584px\" \/><\/a><\/p>\n<hr \/>\n<p><a href=\"https:\/\/vs-werdau.de\/wp\/wp-content\/uploads\/2025\/12\/Checkliste_Pflegegrad_beantragen.pdf\" target=\"_blank\" rel=\"noopener\"><img loading=\"lazy\" decoding=\"async\" class=\"alignnone wp-image-3182 size-full\" src=\"http:\/\/vs-werdau.de\/wp\/wp-content\/uploads\/2025\/12\/Header_Website-Pflegegrad_richtig_beantragen.jpg\" alt=\"\" width=\"1920\" height=\"1080\" srcset=\"https:\/\/vs-werdau.de\/wp\/wp-content\/uploads\/2025\/12\/Header_Website-Pflegegrad_richtig_beantragen.jpg 1920w, https:\/\/vs-werdau.de\/wp\/wp-content\/uploads\/2025\/12\/Header_Website-Pflegegrad_richtig_beantragen-300x169.jpg 300w, https:\/\/vs-werdau.de\/wp\/wp-content\/uploads\/2025\/12\/Header_Website-Pflegegrad_richtig_beantragen-1024x576.jpg 1024w, https:\/\/vs-werdau.de\/wp\/wp-content\/uploads\/2025\/12\/Header_Website-Pflegegrad_richtig_beantragen-768x432.jpg 768w, https:\/\/vs-werdau.de\/wp\/wp-content\/uploads\/2025\/12\/Header_Website-Pflegegrad_richtig_beantragen-1536x864.jpg 1536w, https:\/\/vs-werdau.de\/wp\/wp-content\/uploads\/2025\/12\/Header_Website-Pflegegrad_richtig_beantragen-500x281.jpg 500w\" sizes=\"auto, (max-width: 1920px) 100vw, 1920px\" \/><\/a><\/p>\n<hr \/>\n<p><strong>Unsere Webseiten: Lernen Sie uns n\u00e4her kennen!<\/strong><\/p>\n<p>Sie interessieren sich f\u00fcr unsere Kindertagesst\u00e4tten in Werdau, Crimmitschau und Langenbernsdorf? Dann schauen Sie online bei uns rein:<a href=\"https:\/\/lieblingskita.de\/\" target=\"_blank\" rel=\"noopener\"> www.lieblingskita.de<\/a><\/p>\n<p><a href=\"https:\/\/lieblingskita.de\/\" target=\"_blank\" rel=\"noopener\"><img loading=\"lazy\" decoding=\"async\" class=\"alignnone wp-image-3060 size-large\" src=\"http:\/\/vs-werdau.de\/wp\/wp-content\/uploads\/2024\/12\/Kitaportal-1024x623.jpg\" alt=\"\" width=\"584\" height=\"355\" srcset=\"https:\/\/vs-werdau.de\/wp\/wp-content\/uploads\/2024\/12\/Kitaportal-1024x623.jpg 1024w, https:\/\/vs-werdau.de\/wp\/wp-content\/uploads\/2024\/12\/Kitaportal-300x182.jpg 300w, https:\/\/vs-werdau.de\/wp\/wp-content\/uploads\/2024\/12\/Kitaportal-768x467.jpg 768w, https:\/\/vs-werdau.de\/wp\/wp-content\/uploads\/2024\/12\/Kitaportal-493x300.jpg 493w, https:\/\/vs-werdau.de\/wp\/wp-content\/uploads\/2024\/12\/Kitaportal.jpg 1159w\" sizes=\"auto, (max-width: 584px) 100vw, 584px\" \/><\/a><\/p>\n<p>Ambulanter Pflegedienst, Pflegeheim, Tagespflege und Betreutes Wohnen: Wir sind mit allen Versorgungsformen rund um Crimmitschau pr\u00e4sent. Mehr zu unseren Einrichtungen gibt es hier: <a href=\"https:\/\/pflege-crimmitschau.de\/\" target=\"_blank\" rel=\"noopener\">www.pflege-crimmitschau.de<\/a><\/p>\n<p><a href=\"https:\/\/pflege-crimmitschau.de\/\" target=\"_blank\" rel=\"noopener\"><img loading=\"lazy\" decoding=\"async\" class=\"alignnone wp-image-3061 size-large\" src=\"http:\/\/vs-werdau.de\/wp\/wp-content\/uploads\/2024\/12\/Pflegeportal-1024x711.jpg\" alt=\"\" width=\"584\" height=\"405\" srcset=\"https:\/\/vs-werdau.de\/wp\/wp-content\/uploads\/2024\/12\/Pflegeportal-1024x711.jpg 1024w, https:\/\/vs-werdau.de\/wp\/wp-content\/uploads\/2024\/12\/Pflegeportal-300x208.jpg 300w, https:\/\/vs-werdau.de\/wp\/wp-content\/uploads\/2024\/12\/Pflegeportal-768x534.jpg 768w, https:\/\/vs-werdau.de\/wp\/wp-content\/uploads\/2024\/12\/Pflegeportal-432x300.jpg 432w, https:\/\/vs-werdau.de\/wp\/wp-content\/uploads\/2024\/12\/Pflegeportal.jpg 1173w\" sizes=\"auto, (max-width: 584px) 100vw, 584px\" \/><\/a><\/p>\n","protected":false},"excerpt":{"rendered":"<p>Herzlich Willkommen bei der Volkssolidarit\u00e4t Zwickauer Land! Aktuelle Stellenangebote aus der Pflege, den Kindereinrichtungen, den Beratungsstellen sowie dem Bundesfreiwilligendienst finden Sie unter Stellenangebote. Unsere Webseiten: Lernen Sie uns n\u00e4her kennen! Sie interessieren sich f\u00fcr unsere Kindertagesst\u00e4tten in Werdau, Crimmitschau und &hellip; <a href=\"https:\/\/vs-werdau.de\/wp\/\">Weiterlesen <span class=\"meta-nav\">&rarr;<\/span><\/a><\/p>\n","protected":false},"author":16,"featured_media":0,"parent":0,"menu_order":1,"comment_status":"closed","ping_status":"closed","template":"","meta":{"footnotes":""},"class_list":["post-1890","page","type-page","status-publish","hentry"],"aioseo_notices":[],"_links":{"self":[{"href":"https:\/\/vs-werdau.de\/wp\/wp-json\/wp\/v2\/pages\/1890","targetHints":{"allow":["GET"]}}],"collection":[{"href":"https:\/\/vs-werdau.de\/wp\/wp-json\/wp\/v2\/pages"}],"about":[{"href":"https:\/\/vs-werdau.de\/wp\/wp-json\/wp\/v2\/types\/page"}],"author":[{"embeddable":true,"href":"https:\/\/vs-werdau.de\/wp\/wp-json\/wp\/v2\/users\/16"}],"replies":[{"embeddable":true,"href":"https:\/\/vs-werdau.de\/wp\/wp-json\/wp\/v2\/comments?post=1890"}],"version-history":[{"count":144,"href":"https:\/\/vs-werdau.de\/wp\/wp-json\/wp\/v2\/pages\/1890\/revisions"}],"predecessor-version":[{"id":3229,"href":"https:\/\/vs-werdau.de\/wp\/wp-json\/wp\/v2\/pages\/1890\/revisions\/3229"}],"wp:attachment":[{"href":"https:\/\/vs-werdau.de\/wp\/wp-json\/wp\/v2\/media?parent=1890"}],"curies":[{"name":"wp","href":"https:\/\/api.w.org\/{rel}","templated":true}]}}